{"id":1121,"date":"2023-08-11T07:12:57","date_gmt":"2023-08-11T07:12:57","guid":{"rendered":"https:\/\/themedox.com\/gerow\/?page_id=1121"},"modified":"2023-12-20T11:51:34","modified_gmt":"2023-12-20T10:51:34","slug":"nos-offres","status":"publish","type":"page","link":"https:\/\/www.edgefi.fr\/?page_id=1121","title":{"rendered":"Nos Offres"},"content":{"rendered":"\t\t<div data-elementor-type=\"wp-page\" data-elementor-id=\"1121\" class=\"elementor elementor-1121\">\n\t\t\t\t\t\t<section class=\"elementor-section elementor-top-section elementor-element elementor-element-27be114 elementor-section-boxed elementor-section-height-default elementor-section-height-default\" data-id=\"27be114\" data-element_type=\"section\" data-settings=\"{&quot;background_background&quot;:&quot;classic&quot;}\">\n\t\t\t\t\t\t<div class=\"elementor-container elementor-column-gap-no\">\n\t\t\t\t\t<div class=\"elementor-column elementor-col-100 elementor-top-column elementor-element elementor-element-2086488\" data-id=\"2086488\" data-element_type=\"column\">\n\t\t\t<div class=\"elementor-widget-wrap elementor-element-populated\">\n\t\t\t\t\t\t<section class=\"elementor-section elementor-inner-section elementor-element elementor-element-00c14c0 elementor-section-full_width elementor-section-content-middle elementor-section-height-default elementor-section-height-default\" data-id=\"00c14c0\" data-element_type=\"section\">\n\t\t\t\t\t\t<div class=\"elementor-container elementor-column-gap-no\">\n\t\t\t\t\t<div class=\"elementor-column elementor-col-100 elementor-inner-column elementor-element elementor-element-0ba1385\" data-id=\"0ba1385\" data-element_type=\"column\">\n\t\t\t<div class=\"elementor-widget-wrap elementor-element-populated\">\n\t\t\t\t\t\t<div class=\"elementor-element elementor-element-71cc16f elementor-widget elementor-widget-tg-heading\" data-id=\"71cc16f\" data-element_type=\"widget\" data-widget_type=\"tg-heading.default\">\n\t\t\t\t<div class=\"elementor-widget-container\">\n\t\t\t\t\t\n        \n            <div class=\"section-title-two tg-heading-subheading animation-style3\">\n                                    <span class=\"sub-title\">Nos Offres<\/span>\n                                <h2 class=\"title tg-element-title\">D\u00e9couvrez les Opportunit\u00e9s de Carri\u00e8re Exclusives<\/h2>            <\/div>\n\n        \n\t\t\t\t<\/div>\n\t\t\t\t<\/div>\n\t\t\t\t\t<\/div>\n\t\t<\/div>\n\t\t\t\t\t<\/div>\n\t\t<\/section>\n\t\t\t\t<section class=\"elementor-section elementor-inner-section elementor-element elementor-element-fe9645d elementor-section-full_width elementor-section-content-middle elementor-section-height-default elementor-section-height-default\" data-id=\"fe9645d\" data-element_type=\"section\">\n\t\t\t\t\t\t<div class=\"elementor-container elementor-column-gap-no\">\n\t\t\t\t\t<div class=\"elementor-column elementor-col-100 elementor-inner-column elementor-element elementor-element-87486e8\" data-id=\"87486e8\" data-element_type=\"column\">\n\t\t\t<div class=\"elementor-widget-wrap elementor-element-populated\">\n\t\t\t\t\t\t<div class=\"elementor-element elementor-element-fc08430 elementor-widget elementor-widget-project-list\" data-id=\"fc08430\" data-element_type=\"widget\" data-widget_type=\"project-list.default\">\n\t\t\t\t<div class=\"elementor-widget-container\">\n\t\t\t\t\t\n        \n            <div class=\"row justify-content-center\">\n                \n                                            <div class=\"col-lg-6 col-md-6\">\n                            <div class=\"project-item-two\">\n                                <div class=\"project-thumb-two\">\n                                    <img decoding=\"async\" src=\"https:\/\/www.edgefi.fr\/wp-content\/uploads\/2023\/08\/project08.jpg\" alt=\"Image\">\n                                <\/div>\n                                <div class=\"project-content-two\">\n                                    <h2 class=\"title\"><a href=\"https:\/\/www.edgefi.fr\/?project=analyste-financier\">Analyste Financier<\/a><\/h2>\n                                    <span>Business<\/span>\n                                    <a href=\"https:\/\/www.edgefi.fr\/?project=analyste-financier\" class=\"link-btn\"><i class=\"fas fa-chevron-right\"><\/i><\/a>\n                                <\/div>\n                            <\/div>\n                        <\/div>\n                    \n                \n                                            <div class=\"col-lg-6 col-md-6\">\n                            <div class=\"project-item-two\">\n                                <div class=\"project-thumb-two\">\n                                    <img decoding=\"async\" src=\"https:\/\/www.edgefi.fr\/wp-content\/uploads\/2023\/08\/project09.jpg\" alt=\"Image\">\n                                <\/div>\n                                <div class=\"project-content-two\">\n                                    <h2 class=\"title\"><a href=\"https:\/\/www.edgefi.fr\/?project=auditeur-interne\">Auditeur Interne<\/a><\/h2>\n                                    <span>Investment<\/span>\n                                    <a href=\"https:\/\/www.edgefi.fr\/?project=auditeur-interne\" class=\"link-btn\"><i class=\"fas fa-chevron-right\"><\/i><\/a>\n                                <\/div>\n                            <\/div>\n                        <\/div>\n                    \n                \n                    \n                \n                    \n                \n                    \n                \n                                            <div class=\"col-lg-4 col-md-6\">\n                            <div class=\"project-item-two\">\n                                <div class=\"project-thumb-two\">\n                                    <img decoding=\"async\" src=\"https:\/\/www.edgefi.fr\/wp-content\/uploads\/2023\/08\/project06-1.jpg\" alt=\"Image\">\n                                <\/div>\n                                <div class=\"project-content-two\">\n                                    <h2 class=\"title\"><a href=\"https:\/\/www.edgefi.fr\/?project=analyste-quantitatif\">Analyste Quantitatif<\/a><\/h2>\n                                    <span>Business Strategy<\/span>\n                                    <a href=\"https:\/\/www.edgefi.fr\/?project=analyste-quantitatif\" class=\"link-btn\"><i class=\"fas fa-chevron-right\"><\/i><\/a>\n                                <\/div>\n                            <\/div>\n                        <\/div>\n                    \n                \n                                            <div class=\"col-lg-4 col-md-6\">\n                            <div class=\"project-item-two\">\n                                <div class=\"project-thumb-two\">\n                                    <img decoding=\"async\" src=\"https:\/\/www.edgefi.fr\/wp-content\/uploads\/2023\/08\/project07.jpg\" alt=\"Image\">\n                                <\/div>\n                                <div class=\"project-content-two\">\n                                    <h2 class=\"title\"><a href=\"https:\/\/www.edgefi.fr\/?project=analyste-en-investissements\">Analyste en Investissements<\/a><\/h2>\n                                    <span>Achievment<\/span>\n                                    <a href=\"https:\/\/www.edgefi.fr\/?project=analyste-en-investissements\" class=\"link-btn\"><i class=\"fas fa-chevron-right\"><\/i><\/a>\n                                <\/div>\n                            <\/div>\n                        <\/div>\n                    \n                \n                    \n                            <\/div>\n\n        \n\t\t\t\t<\/div>\n\t\t\t\t<\/div>\n\t\t\t\t\t<\/div>\n\t\t<\/div>\n\t\t\t\t\t<\/div>\n\t\t<\/section>\n\t\t\t\t\t<\/div>\n\t\t<\/div>\n\t\t\t\t\t<\/div>\n\t\t<\/section>\n\t\t<div class=\"elementor-element elementor-element-bdfab01 e-flex e-con-boxed e-con e-parent\" data-id=\"bdfab01\" data-element_type=\"container\">\n\t\t\t\t\t<div class=\"e-con-inner\">\n\t\t\t\t<div class=\"elementor-element elementor-element-b96a893 elementor-widget elementor-widget-tg-heading\" data-id=\"b96a893\" data-element_type=\"widget\" data-widget_type=\"tg-heading.default\">\n\t\t\t\t<div class=\"elementor-widget-container\">\n\t\t\t\t\t\n        \n            <div class=\"section-title section-title-three tg-heading-subheading animation-style2\">\n                                    <span class=\"sub-title tg-element-title\">S\u00e8me l'audace, r\u00e9colte l'opportunit\u00e9<\/span>\n                \n                <h6 class=\"title tg-element-title\">Ma candidature spontan\u00e9e, une cr\u00e9ation qui ne laisse pas indiff\u00e9rent !\ud83d\ude80<\/h6>\n            <\/div>\n\n        \n\t\t\t\t<\/div>\n\t\t\t\t<\/div>\n\t\t\t\t\t<\/div>\n\t\t\t\t<\/div>\n\t\t<div class=\"elementor-element elementor-element-8f4aeae e-flex e-con-boxed e-con e-parent\" data-id=\"8f4aeae\" data-element_type=\"container\">\n\t\t\t\t\t<div class=\"e-con-inner\">\n\t\t\t\t<div class=\"elementor-element elementor-element-d80923c elementor-widget elementor-widget-shortcode\" data-id=\"d80923c\" data-element_type=\"widget\" data-widget_type=\"shortcode.default\">\n\t\t\t\t<div class=\"elementor-widget-container\">\n\t\t\t\t\t\t\t<div class=\"elementor-shortcode\">\n<div class=\"wpcf7 no-js\" id=\"wpcf7-f1717-o1\" lang=\"fr-FR\" dir=\"ltr\" data-wpcf7-id=\"1717\">\n<div class=\"screen-reader-response\"><p role=\"status\" aria-live=\"polite\" aria-atomic=\"true\"><\/p> <ul><\/ul><\/div>\n<form action=\"\/index.php?rest_route=%2Fwp%2Fv2%2Fpages%2F1121#wpcf7-f1717-o1\" method=\"post\" class=\"wpcf7-form init\" aria-label=\"Formulaire de contact\" enctype=\"multipart\/form-data\" novalidate=\"novalidate\" data-status=\"init\">\n<div style=\"display: none;\">\n<input type=\"hidden\" name=\"_wpcf7\" value=\"1717\" \/>\n<input type=\"hidden\" name=\"_wpcf7_version\" value=\"6.0.5\" \/>\n<input type=\"hidden\" name=\"_wpcf7_locale\" value=\"fr_FR\" \/>\n<input type=\"hidden\" name=\"_wpcf7_unit_tag\" value=\"wpcf7-f1717-o1\" \/>\n<input type=\"hidden\" name=\"_wpcf7_container_post\" value=\"0\" \/>\n<input type=\"hidden\" name=\"_wpcf7_posted_data_hash\" value=\"\" \/>\n<\/div>\n<label> Votre nom\n    <span class=\"wpcf7-form-control-wrap\" data-name=\"your-name\"><input size=\"40\" maxlength=\"400\" class=\"wpcf7-form-control wpcf7-text wpcf7-validates-as-required\" autocomplete=\"name\" aria-required=\"true\" aria-invalid=\"false\" value=\"\" type=\"text\" name=\"your-name\" \/><\/span> <\/label>\n\n<label> Votre pr\u00e9nom\n    <span class=\"wpcf7-form-control-wrap\" data-name=\"your-name\"><input size=\"40\" maxlength=\"400\" class=\"wpcf7-form-control wpcf7-text wpcf7-validates-as-required\" autocomplete=\"name\" aria-required=\"true\" aria-invalid=\"false\" value=\"\" type=\"text\" name=\"your-name\" \/><\/span> <\/label>\n\n<label> Votre e-mail\n    <span class=\"wpcf7-form-control-wrap\" data-name=\"your-email\"><input size=\"40\" maxlength=\"400\" class=\"wpcf7-form-control wpcf7-email wpcf7-validates-as-required wpcf7-text wpcf7-validates-as-email\" autocomplete=\"email\" aria-required=\"true\" aria-invalid=\"false\" value=\"\" type=\"email\" name=\"your-email\" \/><\/span> <\/label>\n\n<label> D\u00e9posez votre CV\n    <span class=\"wpcf7-form-control-wrap\" data-name=\"your-cv\"><input size=\"40\" class=\"wpcf7-form-control wpcf7-file wpcf7-validates-as-required\" accept=\"audio\/*,video\/*,image\/*\" aria-required=\"true\" aria-invalid=\"false\" type=\"file\" name=\"your-cv\" \/><\/span> <\/label>\n\n<label> Votre message (facultatif)\n    <span class=\"wpcf7-form-control-wrap\" data-name=\"your-message\"><textarea cols=\"40\" rows=\"10\" maxlength=\"2000\" class=\"wpcf7-form-control wpcf7-textarea\" aria-invalid=\"false\" name=\"your-message\"><\/textarea><\/span> <\/label>\n\n<input class=\"wpcf7-form-control wpcf7-submit has-spinner\" type=\"submit\" value=\"Envoyer\" \/><div class=\"wpcf7-response-output\" aria-hidden=\"true\"><\/div>\n<\/form>\n<\/div>\n<\/div>\n\t\t\t\t\t\t<\/div>\n\t\t\t\t<\/div>\n\t\t\t\t\t<\/div>\n\t\t\t\t<\/div>\n\t\t\t\t<\/div>\n\t\t","protected":false},"excerpt":{"rendered":"<p>Nos Offres D\u00e9couvrez les Opportunit\u00e9s de Carri\u00e8re Exclusives Analyste Financier Business Auditeur Interne Investment Analyste Quantitatif Business Strategy Analyste en Investissements Achievment S\u00e8me l&rsquo;audace, r\u00e9colte l&rsquo;opportunit\u00e9 Ma candidature spontan\u00e9e, une cr\u00e9ation qui ne laisse pas indiff\u00e9rent !\ud83d\ude80<\/p>\n","protected":false},"author":1,"featured_media":0,"parent":0,"menu_order":0,"comment_status":"closed","ping_status":"closed","template":"elementor_header_footer","meta":{"_acf_changed":false,"footnotes":""},"class_list":["post-1121","page","type-page","status-publish","hentry"],"acf":[],"_links":{"self":[{"href":"https:\/\/www.edgefi.fr\/index.php?rest_route=\/wp\/v2\/pages\/1121","targetHints":{"allow":["GET"]}}],"collection":[{"href":"https:\/\/www.edgefi.fr\/index.php?rest_route=\/wp\/v2\/pages"}],"about":[{"href":"https:\/\/www.edgefi.fr\/index.php?rest_route=\/wp\/v2\/types\/page"}],"author":[{"embeddable":true,"href":"https:\/\/www.edgefi.fr\/index.php?rest_route=\/wp\/v2\/users\/1"}],"replies":[{"embeddable":true,"href":"https:\/\/www.edgefi.fr\/index.php?rest_route=%2Fwp%2Fv2%2Fcomments&post=1121"}],"version-history":[{"count":23,"href":"https:\/\/www.edgefi.fr\/index.php?rest_route=\/wp\/v2\/pages\/1121\/revisions"}],"predecessor-version":[{"id":1872,"href":"https:\/\/www.edgefi.fr\/index.php?rest_route=\/wp\/v2\/pages\/1121\/revisions\/1872"}],"wp:attachment":[{"href":"https:\/\/www.edgefi.fr\/index.php?rest_route=%2Fwp%2Fv2%2Fmedia&parent=1121"}],"curies":[{"name":"wp","href":"https:\/\/api.w.org\/{rel}","templated":true}]}}