{"id":81,"date":"2023-08-01T09:14:29","date_gmt":"2023-08-01T09:14:29","guid":{"rendered":"https:\/\/themedox.com\/gerow\/?page_id=81"},"modified":"2023-12-22T17:49:44","modified_gmt":"2023-12-22T16:49:44","slug":"a-propos-de-nous","status":"publish","type":"page","link":"https:\/\/www.edgefi.fr\/?page_id=81","title":{"rendered":"A Propos De Nous"},"content":{"rendered":"\t\t<div data-elementor-type=\"wp-page\" data-elementor-id=\"81\" class=\"elementor elementor-81\">\n\t\t\t\t\t\t<section class=\"elementor-section elementor-top-section elementor-element elementor-element-a82f8ec elementor-section-content-middle elementor-section-boxed elementor-section-height-default elementor-section-height-default\" data-id=\"a82f8ec\" data-element_type=\"section\">\n\t\t\t\t\t\t<div class=\"elementor-container elementor-column-gap-no\">\n\t\t\t\t\t<div class=\"elementor-column elementor-col-50 elementor-top-column elementor-element elementor-element-1510503\" data-id=\"1510503\" data-element_type=\"column\">\n\t\t\t<div class=\"elementor-widget-wrap elementor-element-populated\">\n\t\t\t\t\t\t<div class=\"elementor-element elementor-element-4d4ae22 elementor-widget elementor-widget-image\" data-id=\"4d4ae22\" data-element_type=\"widget\" data-widget_type=\"image.default\">\n\t\t\t\t<div class=\"elementor-widget-container\">\n\t\t\t\t\t\t\t\t\t\t\t\t\t\t\t<img fetchpriority=\"high\" decoding=\"async\" width=\"554\" height=\"669\" src=\"https:\/\/www.edgefi.fr\/wp-content\/uploads\/2023\/08\/inner_about_img03.jpg\" class=\"attachment-full size-full wp-image-1069\" alt=\"\" srcset=\"https:\/\/www.edgefi.fr\/wp-content\/uploads\/2023\/08\/inner_about_img03.jpg 554w, https:\/\/www.edgefi.fr\/wp-content\/uploads\/2023\/08\/inner_about_img03-248x300.jpg 248w\" sizes=\"(max-width: 554px) 100vw, 554px\" \/>\t\t\t\t\t\t\t\t\t\t\t\t\t\t\t<\/div>\n\t\t\t\t<\/div>\n\t\t\t\t\t<\/div>\n\t\t<\/div>\n\t\t\t\t<div class=\"elementor-column elementor-col-50 elementor-top-column elementor-element elementor-element-c847fd6\" data-id=\"c847fd6\" data-element_type=\"column\">\n\t\t\t<div class=\"elementor-widget-wrap elementor-element-populated\">\n\t\t\t\t\t\t<div class=\"elementor-element elementor-element-4931230 elementor-widget__width-auto animated-slow elementor-invisible elementor-widget elementor-widget-heading\" data-id=\"4931230\" data-element_type=\"widget\" data-settings=\"{&quot;_animation&quot;:&quot;fadeIn&quot;}\" data-widget_type=\"heading.default\">\n\t\t\t\t<div class=\"elementor-widget-container\">\n\t\t\t\t\t<span class=\"elementor-heading-title elementor-size-default\">Un Pas en Avant \u270a\ud83c\udffc<\/span>\t\t\t\t<\/div>\n\t\t\t\t<\/div>\n\t\t\t\t<div class=\"elementor-element elementor-element-9367363 elementor-widget elementor-widget-heading\" data-id=\"9367363\" data-element_type=\"widget\" data-widget_type=\"heading.default\">\n\t\t\t\t<div class=\"elementor-widget-container\">\n\t\t\t\t\t<h2 class=\"elementor-heading-title elementor-size-default\">D\u00e9cryptage des Enjeux du March\u00e9 et Notre Engagement pour Vous<\/h2>\t\t\t\t<\/div>\n\t\t\t\t<\/div>\n\t\t\t\t<div class=\"elementor-element elementor-element-b9a888f elementor-widget elementor-widget-heading\" data-id=\"b9a888f\" data-element_type=\"widget\" data-widget_type=\"heading.default\">\n\t\t\t\t<div class=\"elementor-widget-container\">\n\t\t\t\t\t<p class=\"elementor-heading-title elementor-size-default\">Plongez dans l'univers passionnant de la finance avec EDGE Fi, o\u00f9 l'excellence et l'innovation sont notre credo. Notre histoire est tiss\u00e9e de succ\u00e8s financiers et de partenariats solides. Chez EDGE Fi, nous nous \u00e9panouissons dans le monde complexe de la gestion des risques et de la finance, apportant une expertise profonde et une perspective unique \u00e0 chaque d\u00e9fi.<\/p>\t\t\t\t<\/div>\n\t\t\t\t<\/div>\n\t\t\t\t<section class=\"elementor-section elementor-inner-section elementor-element elementor-element-d11b281 elementor-section-full_width elementor-section-content-middle elementor-section-height-default elementor-section-height-default\" data-id=\"d11b281\" data-element_type=\"section\">\n\t\t\t\t\t\t<div class=\"elementor-container elementor-column-gap-no\">\n\t\t\t\t\t<div class=\"elementor-column elementor-col-100 elementor-inner-column elementor-element elementor-element-0578107\" data-id=\"0578107\" data-element_type=\"column\">\n\t\t\t<div class=\"elementor-widget-wrap elementor-element-populated\">\n\t\t\t\t\t\t<div class=\"elementor-element elementor-element-e67a2ce w-100 elementor-widget elementor-widget-tg-iconbox\" data-id=\"e67a2ce\" data-element_type=\"widget\" data-widget_type=\"tg-iconbox.default\">\n\t\t\t\t<div class=\"elementor-widget-container\">\n\t\t\t\t\t\n        \n            <div class=\"about-list-three\">\n                <ul class=\"list-wrap\">\n                                            <li>\n                                                            <div class=\"icon\">\n                                    <i aria-hidden=\"true\" class=\"genix flaticon-business-presentation\"><\/i>                                <\/div>\n                                                        <div class=\"content\">\n                                <h2 class=\"title\">Asset Management<\/h2>\n                                                                    <p>Notre pilier fondamental pour une stabilit\u00e9 financi\u00e8re durable.<\/p>\n                                                            <\/div>\n                        <\/li>\n                                            <li>\n                                                            <div class=\"icon\">\n                                    <i aria-hidden=\"true\" class=\"genix flaticon-investment\"><\/i>                                <\/div>\n                                                        <div class=\"content\">\n                                <h2 class=\"title\">Performance K40<\/h2>\n                                                                    <p>K40, le c\u0153ur battant de notre expertise, propulse votre succ\u00e8s financier.<\/p>\n                                                            <\/div>\n                        <\/li>\n                                    <\/ul>\n            <\/div>\n\n        \n\t\t\t\t<\/div>\n\t\t\t\t<\/div>\n\t\t\t\t\t<\/div>\n\t\t<\/div>\n\t\t\t\t\t<\/div>\n\t\t<\/section>\n\t\t\t\t<section class=\"elementor-section elementor-inner-section elementor-element elementor-element-1e09a6a elementor-section-full_width elementor-section-content-middle elementor-section-height-default elementor-section-height-default\" data-id=\"1e09a6a\" data-element_type=\"section\">\n\t\t\t\t\t\t<div class=\"elementor-container elementor-column-gap-no\">\n\t\t\t\t\t<div class=\"elementor-column elementor-col-100 elementor-inner-column elementor-element elementor-element-d069178\" data-id=\"d069178\" data-element_type=\"column\">\n\t\t\t<div class=\"elementor-widget-wrap elementor-element-populated\">\n\t\t\t\t\t\t<div class=\"elementor-element elementor-element-9ead307 elementor-widget elementor-widget-tg-btn\" data-id=\"9ead307\" data-element_type=\"widget\" data-widget_type=\"tg-btn.default\">\n\t\t\t\t<div class=\"elementor-widget-container\">\n\t\t\t\t\t\n        \n                            <a href=\"https:\/\/www.edgefi.fr\/?page_id=83\" target=\"_self\" rel=\"nofollow\" class=\"btn\">\n                    Notre Expertises                <\/a>\n            \n        \n\t\t\t\t<\/div>\n\t\t\t\t<\/div>\n\t\t\t\t\t<\/div>\n\t\t<\/div>\n\t\t\t\t\t<\/div>\n\t\t<\/section>\n\t\t\t\t\t<\/div>\n\t\t<\/div>\n\t\t\t\t\t<\/div>\n\t\t<\/section>\n\t\t\t\t<section class=\"elementor-section elementor-top-section elementor-element elementor-element-cad6238 elementor-section-content-middle elementor-section-boxed elementor-section-height-default elementor-section-height-default\" data-id=\"cad6238\" data-element_type=\"section\">\n\t\t\t\t\t\t<div class=\"elementor-container elementor-column-gap-no\">\n\t\t\t\t\t<div class=\"elementor-column elementor-col-50 elementor-top-column elementor-element elementor-element-2220753\" data-id=\"2220753\" data-element_type=\"column\">\n\t\t\t<div class=\"elementor-widget-wrap elementor-element-populated\">\n\t\t\t\t\t\t<div class=\"elementor-element elementor-element-4513e15 elementor-widget elementor-widget-image\" data-id=\"4513e15\" data-element_type=\"widget\" data-widget_type=\"image.default\">\n\t\t\t\t<div class=\"elementor-widget-container\">\n\t\t\t\t\t\t\t\t\t\t\t\t\t\t\t<img decoding=\"async\" width=\"554\" height=\"831\" src=\"https:\/\/www.edgefi.fr\/wp-content\/uploads\/2023\/12\/united-business-team-celebre-ses-succes-1.jpg\" class=\"attachment-full size-full wp-image-1925\" alt=\"\" srcset=\"https:\/\/www.edgefi.fr\/wp-content\/uploads\/2023\/12\/united-business-team-celebre-ses-succes-1.jpg 554w, https:\/\/www.edgefi.fr\/wp-content\/uploads\/2023\/12\/united-business-team-celebre-ses-succes-1-200x300.jpg 200w\" sizes=\"(max-width: 554px) 100vw, 554px\" \/>\t\t\t\t\t\t\t\t\t\t\t\t\t\t\t<\/div>\n\t\t\t\t<\/div>\n\t\t\t\t\t<\/div>\n\t\t<\/div>\n\t\t\t\t<div class=\"elementor-column elementor-col-50 elementor-top-column elementor-element elementor-element-77ba022\" data-id=\"77ba022\" data-element_type=\"column\">\n\t\t\t<div class=\"elementor-widget-wrap elementor-element-populated\">\n\t\t\t\t\t\t<div class=\"elementor-element elementor-element-fa5a99a elementor-widget elementor-widget-heading\" data-id=\"fa5a99a\" data-element_type=\"widget\" data-widget_type=\"heading.default\">\n\t\t\t\t<div class=\"elementor-widget-container\">\n\t\t\t\t\t<h2 class=\"elementor-heading-title elementor-size-default\">Notre Histoire<\/h2>\t\t\t\t<\/div>\n\t\t\t\t<\/div>\n\t\t\t\t<div class=\"elementor-element elementor-element-b243682 elementor-widget elementor-widget-heading\" data-id=\"b243682\" data-element_type=\"widget\" data-widget_type=\"heading.default\">\n\t\t\t\t<div class=\"elementor-widget-container\">\n\t\t\t\t\t<p class=\"elementor-heading-title elementor-size-default\">Dans le contexte post-pand\u00e9mique de 2023, une nouvelle entit\u00e9 a \u00e9merg\u00e9 dans le paysage financier : EDGE fi. Fond\u00e9e en mars de cette ann\u00e9e par Yacine Benarb, Zakariyae Oualla, et Walid Ras, trois experts renomm\u00e9s avec une solide exp\u00e9rience dans les secteurs de la finance, du consulting, et des technologies de l'information, EDGE fi repr\u00e9sente une r\u00e9ponse strat\u00e9gique aux d\u00e9fis complexes de l'\u00e8re post-Covid. Ces co-fondateurs, dot\u00e9s de plus de trois ann\u00e9es d'expertise dans la finance et le conseil, ont per\u00e7u une opportunit\u00e9 unique d'adresser les besoins \u00e9volutifs du march\u00e9. EDGE fi s'est ainsi positionn\u00e9e comme une entreprise de conseil de premier plan, engag\u00e9e \u00e0 fournir des solutions financi\u00e8res personnalis\u00e9es et des services de consultation de haute qualit\u00e9, r\u00e9pondant aux exigences sp\u00e9cifiques des clients dans un monde financier en constante \u00e9volution. La cr\u00e9ation d'EDGE fi marque un tournant d\u00e9cisif, offrant une expertise pointue et des conseils strat\u00e9giques pour naviguer dans le paysage financier contemporain, caract\u00e9ris\u00e9 par des innovations technologiques et des transformations \u00e9conomiques.<\/p>\t\t\t\t<\/div>\n\t\t\t\t<\/div>\n\t\t\t\t\t<\/div>\n\t\t<\/div>\n\t\t\t\t\t<\/div>\n\t\t<\/section>\n\t\t\t\t<section class=\"elementor-section elementor-top-section elementor-element elementor-element-b070c8b elementor-section-full_width elementor-section-height-default elementor-section-height-default\" data-id=\"b070c8b\" data-element_type=\"section\" data-settings=\"{&quot;background_background&quot;:&quot;classic&quot;}\">\n\t\t\t\t\t\t\t<div class=\"elementor-background-overlay\"><\/div>\n\t\t\t\t\t\t\t<div class=\"elementor-container elementor-column-gap-no\">\n\t\t\t\t\t<div class=\"elementor-column elementor-col-100 elementor-top-column elementor-element elementor-element-535c909\" data-id=\"535c909\" data-element_type=\"column\">\n\t\t\t<div class=\"elementor-widget-wrap elementor-element-populated\">\n\t\t\t\t\t\t<section class=\"elementor-section elementor-inner-section elementor-element elementor-element-b50cde5 elementor-section-boxed elementor-section-height-default elementor-section-height-default\" data-id=\"b50cde5\" data-element_type=\"section\">\n\t\t\t\t\t\t<div class=\"elementor-container elementor-column-gap-no\">\n\t\t\t\t\t<div class=\"elementor-column elementor-col-50 elementor-inner-column elementor-element elementor-element-ffb1fb9\" data-id=\"ffb1fb9\" data-element_type=\"column\">\n\t\t\t<div class=\"elementor-widget-wrap elementor-element-populated\">\n\t\t\t\t\t\t<div class=\"elementor-element elementor-element-fe7d103 elementor-widget__width-auto elementor-widget elementor-widget-heading\" data-id=\"fe7d103\" data-element_type=\"widget\" data-widget_type=\"heading.default\">\n\t\t\t\t<div class=\"elementor-widget-container\">\n\t\t\t\t\t<span class=\"elementor-heading-title elementor-size-default\">FAQ<\/span>\t\t\t\t<\/div>\n\t\t\t\t<\/div>\n\t\t\t\t<div class=\"elementor-element elementor-element-a53af68 elementor-widget elementor-widget-heading\" data-id=\"a53af68\" data-element_type=\"widget\" data-widget_type=\"heading.default\">\n\t\t\t\t<div class=\"elementor-widget-container\">\n\t\t\t\t\t<h2 class=\"elementor-heading-title elementor-size-default\">Vos Questions, Notre Engagement, Votre R\u00e9ussite.<\/h2>\t\t\t\t<\/div>\n\t\t\t\t<\/div>\n\t\t\t\t<div class=\"elementor-element elementor-element-45fde30 animated-slow elementor-invisible elementor-widget elementor-widget-genix-faq\" data-id=\"45fde30\" data-element_type=\"widget\" data-settings=\"{&quot;_animation&quot;:&quot;fadeIn&quot;}\" data-widget_type=\"genix-faq.default\">\n\t\t\t\t<div class=\"elementor-widget-container\">\n\t\t\t\t\t\n        \n            <div class=\"accordion-wrap-two\">\n                <div class=\"accordion\" id=\"accordionExample\">\n\n                                            <div class=\"accordion-item\">\n                            <h2 class=\"accordion-header\" id=\"headingOne-0\">\n                                <button class=\"accordion-button \" type=\"button\" data-bs-toggle=\"collapse\" data-bs-target=\"#collapseOne-0\" aria-expanded=\"true\" aria-controls=\"collapseOne-0\">\n                                    Comment puis-je collaborer avec EDGE Fi pour mes besoins financiers sp\u00e9cifiques ?                                <\/button>\n                            <\/h2>\n                            <div id=\"collapseOne-0\" class=\"accordion-collapse collapse show\" aria-labelledby=\"headingOne-0\" data-bs-parent=\"#accordionExample\">\n                                <div class=\"accordion-body\">\n                                    <p>Contactez-nous pour discuter de vos besoins sp\u00e9cifiques, et nous travaillerons ensemble pour \u00e9laborer des solutions sur mesure pour votre entreprise.<\/p>\n                                <\/div>\n                            <\/div>\n                        <\/div>\n                                            <div class=\"accordion-item\">\n                            <h2 class=\"accordion-header\" id=\"headingOne-1\">\n                                <button class=\"accordion-button collapsed\" type=\"button\" data-bs-toggle=\"collapse\" data-bs-target=\"#collapseOne-1\" aria-expanded=\"true\" aria-controls=\"collapseOne-1\">\n                                    Comment puis-je contacter EDGE Fi pour en savoir plus sur vos services ?                                <\/button>\n                            <\/h2>\n                            <div id=\"collapseOne-1\" class=\"accordion-collapse collapse \" aria-labelledby=\"headingOne-1\" data-bs-parent=\"#accordionExample\">\n                                <div class=\"accordion-body\">\n                                    <p>Vous pouvez nous contacter via notre page de contact sur le site web ou par t\u00e9l\u00e9phone pour discuter de vos besoins et demander des informations suppl\u00e9mentaires.<\/p>\n                                <\/div>\n                            <\/div>\n                        <\/div>\n                                            <div class=\"accordion-item\">\n                            <h2 class=\"accordion-header\" id=\"headingOne-2\">\n                                <button class=\"accordion-button collapsed\" type=\"button\" data-bs-toggle=\"collapse\" data-bs-target=\"#collapseOne-2\" aria-expanded=\"true\" aria-controls=\"collapseOne-2\">\n                                    Pouvez-vous fournir des r\u00e9f\u00e9rences ou des t\u00e9moignages de clients satisfaits ?                                <\/button>\n                            <\/h2>\n                            <div id=\"collapseOne-2\" class=\"accordion-collapse collapse \" aria-labelledby=\"headingOne-2\" data-bs-parent=\"#accordionExample\">\n                                <div class=\"accordion-body\">\n                                    <p>Oui, nous serions ravis de partager des t\u00e9moignages de nos clients satisfaits qui ont b\u00e9n\u00e9fici\u00e9 de nos services. Contactez-nous pour en savoir plus.<\/p>\n                                <\/div>\n                            <\/div>\n                        <\/div>\n                                    <\/div>\n            <\/div>\n\n        \t\t\t\t<\/div>\n\t\t\t\t<\/div>\n\t\t\t\t\t<\/div>\n\t\t<\/div>\n\t\t\t\t<div class=\"elementor-column elementor-col-50 elementor-inner-column elementor-element elementor-element-4fb7eab\" data-id=\"4fb7eab\" data-element_type=\"column\">\n\t\t\t<div class=\"elementor-widget-wrap\">\n\t\t\t\t\t\t\t<\/div>\n\t\t<\/div>\n\t\t\t\t\t<\/div>\n\t\t<\/section>\n\t\t\t\t\t<\/div>\n\t\t<\/div>\n\t\t\t\t\t<\/div>\n\t\t<\/section>\n\t\t\t\t<\/div>\n\t\t","protected":false},"excerpt":{"rendered":"<p>Un Pas en Avant \u270a\ud83c\udffc D\u00e9cryptage des Enjeux du March\u00e9 et Notre Engagement pour Vous Plongez dans l&rsquo;univers passionnant de la finance avec EDGE Fi, o\u00f9 l&rsquo;excellence et l&rsquo;innovation sont notre credo. Notre histoire est tiss\u00e9e de succ\u00e8s financiers et de partenariats solides. Chez EDGE Fi, nous nous \u00e9panouissons dans le monde complexe de la [&hellip;]<\/p>\n","protected":false},"author":1,"featured_media":0,"parent":0,"menu_order":0,"comment_status":"closed","ping_status":"closed","template":"elementor_header_footer","meta":{"_acf_changed":false,"footnotes":""},"class_list":["post-81","page","type-page","status-publish","hentry"],"acf":[],"_links":{"self":[{"href":"https:\/\/www.edgefi.fr\/index.php?rest_route=\/wp\/v2\/pages\/81","targetHints":{"allow":["GET"]}}],"collection":[{"href":"https:\/\/www.edgefi.fr\/index.php?rest_route=\/wp\/v2\/pages"}],"about":[{"href":"https:\/\/www.edgefi.fr\/index.php?rest_route=\/wp\/v2\/types\/page"}],"author":[{"embeddable":true,"href":"https:\/\/www.edgefi.fr\/index.php?rest_route=\/wp\/v2\/users\/1"}],"replies":[{"embeddable":true,"href":"https:\/\/www.edgefi.fr\/index.php?rest_route=%2Fwp%2Fv2%2Fcomments&post=81"}],"version-history":[{"count":35,"href":"https:\/\/www.edgefi.fr\/index.php?rest_route=\/wp\/v2\/pages\/81\/revisions"}],"predecessor-version":[{"id":1931,"href":"https:\/\/www.edgefi.fr\/index.php?rest_route=\/wp\/v2\/pages\/81\/revisions\/1931"}],"wp:attachment":[{"href":"https:\/\/www.edgefi.fr\/index.php?rest_route=%2Fwp%2Fv2%2Fmedia&parent=81"}],"curies":[{"name":"wp","href":"https:\/\/api.w.org\/{rel}","templated":true}]}}