{"id":83,"date":"2023-08-01T09:14:50","date_gmt":"2023-08-01T09:14:50","guid":{"rendered":"https:\/\/themedox.com\/gerow\/?page_id=83"},"modified":"2023-12-20T11:34:52","modified_gmt":"2023-12-20T10:34:52","slug":"nos-expertises","status":"publish","type":"page","link":"https:\/\/www.edgefi.fr\/?page_id=83","title":{"rendered":"Nos Expertises"},"content":{"rendered":"\t\t<div data-elementor-type=\"wp-page\" data-elementor-id=\"83\" class=\"elementor elementor-83\">\n\t\t\t\t\t\t<section class=\"elementor-section elementor-top-section elementor-element elementor-element-f1eb5ad elementor-section-boxed elementor-section-height-default elementor-section-height-default\" data-id=\"f1eb5ad\" data-element_type=\"section\" data-settings=\"{&quot;background_background&quot;:&quot;classic&quot;}\">\n\t\t\t\t\t\t<div class=\"elementor-container elementor-column-gap-no\">\n\t\t\t\t\t<div class=\"elementor-column elementor-col-100 elementor-top-column elementor-element elementor-element-cc7ae77\" data-id=\"cc7ae77\" data-element_type=\"column\">\n\t\t\t<div class=\"elementor-widget-wrap elementor-element-populated\">\n\t\t\t\t\t\t<section class=\"elementor-section elementor-inner-section elementor-element elementor-element-2c4d885 elementor-section-full_width elementor-section-content-middle elementor-section-height-default elementor-section-height-default\" data-id=\"2c4d885\" data-element_type=\"section\">\n\t\t\t\t\t\t<div class=\"elementor-container elementor-column-gap-no\">\n\t\t\t\t\t<div class=\"elementor-column elementor-col-100 elementor-inner-column elementor-element elementor-element-5f1b90a\" data-id=\"5f1b90a\" data-element_type=\"column\">\n\t\t\t<div class=\"elementor-widget-wrap elementor-element-populated\">\n\t\t\t\t\t\t<div class=\"elementor-element elementor-element-d7273d4 animated-slow elementor-invisible elementor-widget elementor-widget-tg-heading\" data-id=\"d7273d4\" data-element_type=\"widget\" data-settings=\"{&quot;_animation&quot;:&quot;fadeIn&quot;}\" data-widget_type=\"tg-heading.default\">\n\t\t\t\t<div class=\"elementor-widget-container\">\n\t\t\t\t\t\n        \n            <div class=\"section-title-two tg-heading-subheading animation-style3\">\n                                    <span class=\"sub-title\">ce que nous offrons<\/span>\n                                <h2 class=\"title tg-element-title\">Une palette d'expertises pour r\u00e9pondre \u00e0 toutes les demandes du march\u00e9<\/h2>            <\/div>\n\n        \n\t\t\t\t<\/div>\n\t\t\t\t<\/div>\n\t\t\t\t\t<\/div>\n\t\t<\/div>\n\t\t\t\t\t<\/div>\n\t\t<\/section>\n\t\t\t\t<section class=\"elementor-section elementor-inner-section elementor-element elementor-element-a14e6f4 elementor-section-full_width elementor-section-height-default elementor-section-height-default\" data-id=\"a14e6f4\" data-element_type=\"section\">\n\t\t\t\t\t\t<div class=\"elementor-container elementor-column-gap-no\">\n\t\t\t\t\t<div class=\"elementor-column elementor-col-100 elementor-inner-column elementor-element elementor-element-b64c54b\" data-id=\"b64c54b\" data-element_type=\"column\">\n\t\t\t<div class=\"elementor-widget-wrap elementor-element-populated\">\n\t\t\t\t\t\t<div class=\"elementor-element elementor-element-a545096 elementor-widget elementor-widget-tg-servicesBox\" data-id=\"a545096\" data-element_type=\"widget\" data-widget_type=\"tg-servicesBox.default\">\n\t\t\t\t<div class=\"elementor-widget-container\">\n\t\t\t\t\t\n        \n            <div class=\"row justify-content-center\">\n                \n                                            <div class=\"col-xl-3 col-lg-4 col-md-6 col-sm-8\">\n                            <div class=\"services-item-two\">\n                                <div class=\"services-thumb-two\">\n                                    <img decoding=\"async\" src=\"https:\/\/www.edgefi.fr\/wp-content\/uploads\/2023\/08\/services02.jpg\" alt=\"Image\">\n\n                                                                            <div class=\"item-shape\">\n                                            <img decoding=\"async\" src=\"https:\/\/themedox.com\/gerow\/wp-content\/uploads\/2023\/08\/services_item_shape.png\" alt=\"Shape\">\n                                        <\/div>\n                                                                    <\/div>\n                                <div class=\"services-content-two\">\n                                                                            <div class=\"icon\">\n                                            <i aria-hidden=\"true\" class=\"genix flaticon-calculator\"><\/i>                                        <\/div>\n                                                                        <h2 class=\"title\"><a href=\"https:\/\/www.edgefi.fr\/?services=gestion-front-office\">Gestion Front Office<\/a><\/h2>\n                                                                            <p>L'excellence du service rencontre le succ\u00e8s.<\/p>\n                                                                    <\/div>\n                            <\/div>\n                        <\/div>\n                    \n                \n                                            <div class=\"col-xl-3 col-lg-4 col-md-6 col-sm-8\">\n                            <div class=\"services-item-two\">\n                                <div class=\"services-thumb-two\">\n                                    <img decoding=\"async\" src=\"https:\/\/www.edgefi.fr\/wp-content\/uploads\/2023\/08\/services03.jpg\" alt=\"Image\">\n\n                                                                            <div class=\"item-shape\">\n                                            <img decoding=\"async\" src=\"https:\/\/themedox.com\/gerow\/wp-content\/uploads\/2023\/08\/services_item_shape.png\" alt=\"Shape\">\n                                        <\/div>\n                                                                    <\/div>\n                                <div class=\"services-content-two\">\n                                                                            <div class=\"icon\">\n                                            <i aria-hidden=\"true\" class=\"genix flaticon-money\"><\/i>                                        <\/div>\n                                                                        <h2 class=\"title\"><a href=\"https:\/\/www.edgefi.fr\/?services=middle-office\">Middle-Office<\/a><\/h2>\n                                                                            <p>Excellence op\u00e9rationnelle, impact strat\u00e9gique.<\/p>\n                                                                    <\/div>\n                            <\/div>\n                        <\/div>\n                    \n                \n                                            <div class=\"col-xl-3 col-lg-4 col-md-6 col-sm-8\">\n                            <div class=\"services-item-two\">\n                                <div class=\"services-thumb-two\">\n                                    <img decoding=\"async\" src=\"https:\/\/www.edgefi.fr\/wp-content\/uploads\/2023\/08\/services04.jpg\" alt=\"Image\">\n\n                                                                            <div class=\"item-shape\">\n                                            <img decoding=\"async\" src=\"https:\/\/themedox.com\/gerow\/wp-content\/uploads\/2023\/08\/services_item_shape.png\" alt=\"Shape\">\n                                        <\/div>\n                                                                    <\/div>\n                                <div class=\"services-content-two\">\n                                                                            <div class=\"icon\">\n                                            <i aria-hidden=\"true\" class=\"genix flaticon-layers\"><\/i>                                        <\/div>\n                                                                        <h2 class=\"title\"><a href=\"https:\/\/www.edgefi.fr\/?services=risque-performance\">Risque &#038; Performance<\/a><\/h2>\n                                                                            <p>\u00c9quilibrer le risque, optimiser la performance.<\/p>\n                                                                    <\/div>\n                            <\/div>\n                        <\/div>\n                    \n                \n                                            <div class=\"col-xl-3 col-lg-4 col-md-6 col-sm-8\">\n                            <div class=\"services-item-two\">\n                                <div class=\"services-thumb-two\">\n                                    <img decoding=\"async\" src=\"https:\/\/www.edgefi.fr\/wp-content\/uploads\/2023\/08\/services08.jpg\" alt=\"Image\">\n\n                                                                            <div class=\"item-shape\">\n                                            <img decoding=\"async\" src=\"https:\/\/themedox.com\/gerow\/wp-content\/uploads\/2023\/08\/services_item_shape.png\" alt=\"Shape\">\n                                        <\/div>\n                                                                    <\/div>\n                                <div class=\"services-content-two\">\n                                                                            <div class=\"icon\">\n                                            <i aria-hidden=\"true\" class=\"genix flaticon-taxes\"><\/i>                                        <\/div>\n                                                                        <h2 class=\"title\"><a href=\"https:\/\/www.edgefi.fr\/?services=back-office\">Back-Office<\/a><\/h2>\n                                                                            <p>Soutenir le succ\u00e8s dans l'ombre.<\/p>\n                                                                    <\/div>\n                            <\/div>\n                        <\/div>\n                    \n                            <\/div>\n\n        \n\t\t\t\t<\/div>\n\t\t\t\t<\/div>\n\t\t\t\t\t<\/div>\n\t\t<\/div>\n\t\t\t\t\t<\/div>\n\t\t<\/section>\n\t\t\t\t\t<\/div>\n\t\t<\/div>\n\t\t\t\t\t<\/div>\n\t\t<\/section>\n\t\t\t\t<\/div>\n\t\t","protected":false},"excerpt":{"rendered":"<p>ce que nous offrons Une palette d&rsquo;expertises pour r\u00e9pondre \u00e0 toutes les demandes du march\u00e9 Gestion Front Office L&rsquo;excellence du service rencontre le succ\u00e8s. Middle-Office Excellence op\u00e9rationnelle, impact strat\u00e9gique. Risque &#038; Performance \u00c9quilibrer le risque, optimiser la performance. Back-Office Soutenir le succ\u00e8s dans l&rsquo;ombre.<\/p>\n","protected":false},"author":1,"featured_media":0,"parent":0,"menu_order":0,"comment_status":"closed","ping_status":"closed","template":"elementor_header_footer","meta":{"_acf_changed":false,"footnotes":""},"class_list":["post-83","page","type-page","status-publish","hentry"],"acf":[],"_links":{"self":[{"href":"https:\/\/www.edgefi.fr\/index.php?rest_route=\/wp\/v2\/pages\/83","targetHints":{"allow":["GET"]}}],"collection":[{"href":"https:\/\/www.edgefi.fr\/index.php?rest_route=\/wp\/v2\/pages"}],"about":[{"href":"https:\/\/www.edgefi.fr\/index.php?rest_route=\/wp\/v2\/types\/page"}],"author":[{"embeddable":true,"href":"https:\/\/www.edgefi.fr\/index.php?rest_route=\/wp\/v2\/users\/1"}],"replies":[{"embeddable":true,"href":"https:\/\/www.edgefi.fr\/index.php?rest_route=%2Fwp%2Fv2%2Fcomments&post=83"}],"version-history":[{"count":26,"href":"https:\/\/www.edgefi.fr\/index.php?rest_route=\/wp\/v2\/pages\/83\/revisions"}],"predecessor-version":[{"id":1868,"href":"https:\/\/www.edgefi.fr\/index.php?rest_route=\/wp\/v2\/pages\/83\/revisions\/1868"}],"wp:attachment":[{"href":"https:\/\/www.edgefi.fr\/index.php?rest_route=%2Fwp%2Fv2%2Fmedia&parent=83"}],"curies":[{"name":"wp","href":"https:\/\/api.w.org\/{rel}","templated":true}]}}